{"id":197,"date":"2025-12-22T20:20:03","date_gmt":"2025-12-22T20:20:03","guid":{"rendered":"https:\/\/bijouxindiana.com\/?post_type=product&#038;p=197"},"modified":"2025-12-23T16:32:05","modified_gmt":"2025-12-23T16:32:05","slug":"colete-reversivel-de-algodao-indiano-folhagem-azul","status":"publish","type":"product","link":"https:\/\/bijouxindiana.com\/en\/product\/colete-reversivel-de-algodao-indiano-folhagem-azul\/","title":{"rendered":"Colete Revers\u00edvel de Algod\u00e3o Indiano \u2013 Folhagem Azul"},"content":{"rendered":"<p>Design leve e vers\u00e1til com padr\u00e3o bot\u00e2nico vibrante, ideal para looks modernos com toque artesanal.<\/p>\n<div><\/div>","protected":false},"excerpt":{"rendered":"<p>Design leve e vers\u00e1til com padr\u00e3o bot\u00e2nico vibrante, ideal para looks modernos com toque artesanal.<\/p>","protected":false},"featured_media":198,"comment_status":"open","ping_status":"closed","template":"","meta":[],"product_brand":[],"product_cat":[16],"product_tag":[],"class_list":{"0":"post-197","1":"product","2":"type-product","3":"status-publish","4":"has-post-thumbnail","6":"product_cat-roupasindianas","8":"first","9":"instock","10":"taxable","11":"shipping-taxable","12":"purchasable","13":"product-type-simple"},"jetpack_sharing_enabled":true,"_links":{"self":[{"href":"https:\/\/bijouxindiana.com\/en\/wp-json\/wp\/v2\/product\/197","targetHints":{"allow":["GET"]}}],"collection":[{"href":"https:\/\/bijouxindiana.com\/en\/wp-json\/wp\/v2\/product"}],"about":[{"href":"https:\/\/bijouxindiana.com\/en\/wp-json\/wp\/v2\/types\/product"}],"replies":[{"embeddable":true,"href":"https:\/\/bijouxindiana.com\/en\/wp-json\/wp\/v2\/comments?post=197"}],"wp:featuredmedia":[{"embeddable":true,"href":"https:\/\/bijouxindiana.com\/en\/wp-json\/wp\/v2\/media\/198"}],"wp:attachment":[{"href":"https:\/\/bijouxindiana.com\/en\/wp-json\/wp\/v2\/media?parent=197"}],"wp:term":[{"taxonomy":"product_brand","embeddable":true,"href":"https:\/\/bijouxindiana.com\/en\/wp-json\/wp\/v2\/product_brand?post=197"},{"taxonomy":"product_cat","embeddable":true,"href":"https:\/\/bijouxindiana.com\/en\/wp-json\/wp\/v2\/product_cat?post=197"},{"taxonomy":"product_tag","embeddable":true,"href":"https:\/\/bijouxindiana.com\/en\/wp-json\/wp\/v2\/product_tag?post=197"}],"curies":[{"name":"wp","href":"https:\/\/api.w.org\/{rel}","templated":true}]}}