{"id":177,"date":"2025-12-22T16:27:06","date_gmt":"2025-12-22T16:27:06","guid":{"rendered":"https:\/\/bijouxindiana.com\/?post_type=product&#038;p=177"},"modified":"2025-12-23T16:33:19","modified_gmt":"2025-12-23T16:33:19","slug":"kimono-patchwork-de-seda-indiana-edicao-artesanal","status":"publish","type":"product","link":"https:\/\/bijouxindiana.com\/en\/product\/kimono-patchwork-de-seda-indiana-edicao-artesanal\/","title":{"rendered":"Kimono Patchwork de Seda Indiana \u2013 Edi\u00e7\u00e3o Artesanal"},"content":{"rendered":"<p>Pe\u00e7a \u00fanica em seda leve com padr\u00f5es vibrantes e mistura de tecidos tradicionais indianos.<\/p>","protected":false},"excerpt":{"rendered":"<p>Pe\u00e7a \u00fanica em seda leve com padr\u00f5es vibrantes e mistura de tecidos tradicionais indianos.<\/p>","protected":false},"featured_media":188,"comment_status":"open","ping_status":"closed","template":"","meta":[],"product_brand":[],"product_cat":[16],"product_tag":[],"class_list":{"0":"post-177","1":"product","2":"type-product","3":"status-publish","4":"has-post-thumbnail","6":"product_cat-roupasindianas","8":"first","9":"instock","10":"taxable","11":"shipping-taxable","12":"purchasable","13":"product-type-simple"},"jetpack_sharing_enabled":true,"_links":{"self":[{"href":"https:\/\/bijouxindiana.com\/en\/wp-json\/wp\/v2\/product\/177","targetHints":{"allow":["GET"]}}],"collection":[{"href":"https:\/\/bijouxindiana.com\/en\/wp-json\/wp\/v2\/product"}],"about":[{"href":"https:\/\/bijouxindiana.com\/en\/wp-json\/wp\/v2\/types\/product"}],"replies":[{"embeddable":true,"href":"https:\/\/bijouxindiana.com\/en\/wp-json\/wp\/v2\/comments?post=177"}],"wp:featuredmedia":[{"embeddable":true,"href":"https:\/\/bijouxindiana.com\/en\/wp-json\/wp\/v2\/media\/188"}],"wp:attachment":[{"href":"https:\/\/bijouxindiana.com\/en\/wp-json\/wp\/v2\/media?parent=177"}],"wp:term":[{"taxonomy":"product_brand","embeddable":true,"href":"https:\/\/bijouxindiana.com\/en\/wp-json\/wp\/v2\/product_brand?post=177"},{"taxonomy":"product_cat","embeddable":true,"href":"https:\/\/bijouxindiana.com\/en\/wp-json\/wp\/v2\/product_cat?post=177"},{"taxonomy":"product_tag","embeddable":true,"href":"https:\/\/bijouxindiana.com\/en\/wp-json\/wp\/v2\/product_tag?post=177"}],"curies":[{"name":"wp","href":"https:\/\/api.w.org\/{rel}","templated":true}]}}